{"id":68880,"date":"2025-10-29T18:18:06","date_gmt":"2025-10-29T18:18:06","guid":{"rendered":"https:\/\/compagniedesmontagnes.com\/news\/"},"modified":"2025-12-16T14:26:25","modified_gmt":"2025-12-16T14:26:25","slug":"news","status":"publish","type":"page","link":"https:\/\/compagniedesmontagnes.com\/en\/news\/","title":{"rendered":"News"},"content":{"rendered":"\t\t<div data-elementor-type=\"wp-page\" data-elementor-id=\"68880\" class=\"elementor elementor-68880 elementor-67089\">\n\t\t\t\t\t\t<section class=\"elementor-section elementor-top-section elementor-element elementor-element-117b3ed elementor-section-boxed elementor-section-height-default elementor-section-height-default sc_fly_static\" data-id=\"117b3ed\" data-element_type=\"section\" data-e-type=\"section\" data-settings=\"{&quot;background_background&quot;:&quot;classic&quot;}\">\n\t\t\t\t\t\t<div class=\"elementor-container elementor-column-gap-extended\">\n\t\t\t\t\t<div class=\"elementor-column elementor-col-100 elementor-top-column elementor-element elementor-element-d863f4f sc_content_align_inherit sc_layouts_column_icons_position_left sc_fly_static\" data-id=\"d863f4f\" data-element_type=\"column\" data-e-type=\"column\" data-settings=\"{&quot;background_background&quot;:&quot;classic&quot;}\">\n\t\t\t<div class=\"elementor-widget-wrap elementor-element-populated\">\n\t\t\t\t\t\t<div class=\"elementor-element elementor-element-783bc90 sc_fly_static elementor-widget elementor-widget-heading\" data-id=\"783bc90\" data-element_type=\"widget\" data-e-type=\"widget\" data-widget_type=\"heading.default\">\n\t\t\t\t<div class=\"elementor-widget-container\">\n\t\t\t\t\t<h1 class=\"elementor-heading-title elementor-size-default\">News<\/h1>\t\t\t\t<\/div>\n\t\t\t\t<\/div>\n\t\t\t\t<div class=\"elementor-element elementor-element-0e64248 scheme_beige_light sc_fly_static elementor-widget elementor-widget-trx_sc_blogger\" data-id=\"0e64248\" data-element_type=\"widget\" data-e-type=\"widget\" id=\"nouvelles-trx\" data-widget_type=\"trx_sc_blogger.default\">\n\t\t\t\t<div class=\"elementor-widget-container\">\n\t\t\t\t\t<div  id=\"nouvelles-trx_sc\"\t\tclass=\"sc_blogger scheme_beige_light sc_blogger_default sc_blogger_default_classic sc_item_filters_tabs_left alignnone\" ><div class=\"sc_item_filters_wrap\"><div class=\"sc_item_filters sc_blogger_filters sc_blogger_tabs sc_blogger_tabs_ajax sc_item_filters_align_center sc_item_filters_no_title sc_item_filters_empty\" data-params=\"{&quot;cat&quot;:[],&quot;columns&quot;:2,&quot;columns_widescreen&quot;:&quot;&quot;,&quot;columns_laptop&quot;:&quot;&quot;,&quot;columns_tablet_extra&quot;:{&quot;unit&quot;:&quot;px&quot;,&quot;size&quot;:&quot;&quot;,&quot;sizes&quot;:[]},&quot;columns_tablet&quot;:&quot;&quot;,&quot;columns_mobile_extra&quot;:{&quot;unit&quot;:&quot;px&quot;,&quot;size&quot;:&quot;&quot;,&quot;sizes&quot;:[]},&quot;columns_mobile&quot;:&quot;&quot;,&quot;count&quot;:5,&quot;offset&quot;:0,&quot;orderby&quot;:&quot;post_date&quot;,&quot;order&quot;:&quot;desc&quot;,&quot;ids&quot;:&quot;&quot;,&quot;slider&quot;:false,&quot;slider_effect&quot;:&quot;slide&quot;,&quot;slider_pagination&quot;:&quot;none&quot;,&quot;slider_pagination_type&quot;:&quot;bullets&quot;,&quot;slider_pagination_thumbs&quot;:0,&quot;slider_controls&quot;:&quot;none&quot;,&quot;slides_space&quot;:0,&quot;slides_centered&quot;:&quot;&quot;,&quot;slides_overflow&quot;:&quot;&quot;,&quot;slider_mouse_wheel&quot;:&quot;&quot;,&quot;slider_autoplay&quot;:&quot;1&quot;,&quot;slider_loop&quot;:&quot;&quot;,&quot;slider_free_mode&quot;:&quot;&quot;,&quot;title&quot;:&quot;&quot;,&quot;title_align&quot;:&quot;none&quot;,&quot;title_style&quot;:&quot;default&quot;,&quot;title_tag&quot;:&quot;none&quot;,&quot;title_color&quot;:&quot;&quot;,&quot;title_color2&quot;:&quot;&quot;,&quot;gradient_fill&quot;:&quot;block&quot;,&quot;gradient_direction&quot;:&quot;0&quot;,&quot;title_border_color&quot;:&quot;&quot;,&quot;title_border_width&quot;:{&quot;unit&quot;:&quot;px&quot;,&quot;size&quot;:0,&quot;sizes&quot;:[]},&quot;title_bg_image&quot;:{&quot;url&quot;:&quot;&quot;,&quot;id&quot;:&quot;&quot;,&quot;size&quot;:&quot;&quot;},&quot;title2&quot;:&quot;&quot;,&quot;title2_color&quot;:&quot;&quot;,&quot;title2_color2&quot;:&quot;&quot;,&quot;gradient_fill2&quot;:&quot;block&quot;,&quot;gradient_direction2&quot;:&quot;0&quot;,&quot;title2_border_color&quot;:&quot;&quot;,&quot;title2_border_width&quot;:{&quot;unit&quot;:&quot;px&quot;,&quot;size&quot;:0,&quot;sizes&quot;:[]},&quot;title2_bg_image&quot;:{&quot;url&quot;:&quot;&quot;,&quot;id&quot;:&quot;&quot;,&quot;size&quot;:&quot;&quot;},&quot;subtitle&quot;:&quot;&quot;,&quot;subtitle_align&quot;:&quot;none&quot;,&quot;subtitle_position&quot;:&quot;above&quot;,&quot;subtitle_color&quot;:&quot;&quot;,&quot;description&quot;:&quot;&quot;,&quot;description_color&quot;:&quot;&quot;,&quot;link&quot;:&quot;&quot;,&quot;link_style&quot;:&quot;default&quot;,&quot;link_size&quot;:&quot;normal&quot;,&quot;link_image&quot;:&quot;&quot;,&quot;link_text&quot;:&quot;&quot;,&quot;new_window&quot;:0,&quot;typed&quot;:&quot;&quot;,&quot;typed_strings&quot;:&quot;&quot;,&quot;typed_loop&quot;:&quot;1&quot;,&quot;typed_cursor&quot;:&quot;1&quot;,&quot;typed_cursor_char&quot;:&quot;_&quot;,&quot;typed_color&quot;:&quot;&quot;,&quot;typed_speed&quot;:&quot;6&quot;,&quot;typed_delay&quot;:&quot;1&quot;,&quot;id&quot;:&quot;nouvelles-trx_sc&quot;,&quot;class&quot;:&quot;&quot;,&quot;className&quot;:&quot;&quot;,&quot;css&quot;:&quot;&quot;,&quot;type&quot;:&quot;default&quot;,&quot;post_type&quot;:&quot;post&quot;,&quot;taxonomy&quot;:&quot;category&quot;,&quot;show_filters&quot;:&quot;1&quot;,&quot;filters_title&quot;:&quot;&quot;,&quot;filters_subtitle&quot;:&quot;&quot;,&quot;filters_title_align&quot;:&quot;center&quot;,&quot;filters_tabs_position&quot;:&quot;left&quot;,&quot;filters_tabs_on_hover&quot;:&quot;&quot;,&quot;filters_taxonomy&quot;:&quot;category&quot;,&quot;filters_active&quot;:0,&quot;filters_ids&quot;:[],&quot;filters_all&quot;:&quot;1&quot;,&quot;filters_all_text&quot;:&quot;All&quot;,&quot;filters_more_text&quot;:&quot;&quot;,&quot;meta_parts&quot;:[&quot;categories&quot;],&quot;image_position&quot;:&quot;top&quot;,&quot;image_width&quot;:&quot;40&quot;,&quot;image_ratio&quot;:&quot;none&quot;,&quot;thumb_size&quot;:&quot;&quot;,&quot;hover&quot;:&quot;inherit&quot;,&quot;date_format&quot;:&quot;&quot;,&quot;disable_date_diff&quot;:&quot;&quot;,&quot;on_plate&quot;:&quot;&quot;,&quot;hide_excerpt&quot;:&quot;&quot;,&quot;excerpt_length&quot;:&quot;20&quot;,&quot;text_align&quot;:&quot;none&quot;,&quot;no_margin&quot;:&quot;&quot;,&quot;no_links&quot;:&quot;&quot;,&quot;full_post&quot;:&quot;&quot;,&quot;video_in_popup&quot;:&quot;&quot;,&quot;numbers&quot;:&quot;&quot;,&quot;more_button&quot;:&quot;&quot;,&quot;more_text&quot;:&quot;&quot;,&quot;pagination&quot;:&quot;pages&quot;,&quot;page&quot;:1,&quot;posts_exclude&quot;:&quot;&quot;,&quot;align&quot;:&quot;none&quot;,&quot;template_default&quot;:&quot;classic&quot;,&quot;template_list&quot;:&quot;simple&quot;,&quot;template_news&quot;:&quot;magazine&quot;,&quot;template_lay_portfolio&quot;:&quot;style-1&quot;,&quot;template_lay_portfolio_grid&quot;:&quot;grid_style_3&quot;,&quot;template_portmodern&quot;:&quot;image-over&quot;,&quot;template_portestate&quot;:&quot;default&quot;,&quot;template_excerpt&quot;:&quot;&quot;,&quot;template_band&quot;:&quot;&quot;,&quot;template_classic&quot;:&quot;&quot;,&quot;template_classic-masonry&quot;:&quot;&quot;,&quot;template_portfolio&quot;:&quot;&quot;,&quot;template_portfolio-masonry&quot;:&quot;&quot;,&quot;columns_extra&quot;:{&quot;unit&quot;:&quot;px&quot;,&quot;size&quot;:2,&quot;sizes&quot;:[]},&quot;count_extra&quot;:{&quot;unit&quot;:&quot;px&quot;,&quot;size&quot;:5,&quot;sizes&quot;:[]},&quot;offset_extra&quot;:{&quot;unit&quot;:&quot;px&quot;,&quot;size&quot;:0,&quot;sizes&quot;:[]},&quot;image_width_extra&quot;:{&quot;unit&quot;:&quot;px&quot;,&quot;size&quot;:40,&quot;sizes&quot;:[]},&quot;slides_space_extra&quot;:{&quot;unit&quot;:&quot;px&quot;,&quot;size&quot;:0,&quot;sizes&quot;:[]},&quot;gradient_direction_extra&quot;:{&quot;unit&quot;:&quot;px&quot;,&quot;size&quot;:0,&quot;sizes&quot;:[]},&quot;typed_speed_extra&quot;:{&quot;unit&quot;:&quot;px&quot;,&quot;size&quot;:6,&quot;sizes&quot;:[]},&quot;typed_delay_extra&quot;:{&quot;unit&quot;:&quot;px&quot;,&quot;size&quot;:1,&quot;sizes&quot;:[]},&quot;gradient_direction2_extra&quot;:{&quot;unit&quot;:&quot;px&quot;,&quot;size&quot;:0,&quot;sizes&quot;:[]},&quot;link_extra&quot;:{&quot;url&quot;:&quot;&quot;,&quot;is_external&quot;:&quot;&quot;,&quot;nofollow&quot;:&quot;&quot;,&quot;custom_attributes&quot;:&quot;&quot;},&quot;link_image_extra&quot;:{&quot;url&quot;:&quot;&quot;,&quot;id&quot;:&quot;&quot;,&quot;size&quot;:&quot;&quot;},&quot;scheme&quot;:&quot;beige_light&quot;,&quot;color_style&quot;:&quot;default&quot;,&quot;mouse_helper_highlight&quot;:&quot;&quot;,&quot;sc&quot;:&quot;sc_blogger&quot;}\"><div class=\"sc_item_filters_header\"><\/div>\t\t\t<ul class=\"sc_item_filters_tabs\"><li class=\"sc_item_filters_tabs_active\"><a href=\"#blogger_filters_all_content\"\n\t\t\t\t\t\t\tclass=\"sc_item_filters_all active\"\n\t\t\t\t\t\t\tdata-tab=\"all\"\n\t\t\t\t\t\t\tdata-page=\"1\">All<\/a><\/li><li><a href=\"#blogger_filters_364_content\"\n\t\t\t\t\t\t\t\t\t\t\t\t\t\tdata-tab=\"364\"\n\t\t\t\t\t\t\tdata-page=\"1\">Media articles <\/a><\/li><li><a href=\"#blogger_filters_1_content\"\n\t\t\t\t\t\t\t\t\t\t\t\t\t\tdata-tab=\"1\"\n\t\t\t\t\t\t\tdata-page=\"1\">Non cat\u00e9goris\u00e9<\/a><\/li><li><a href=\"#blogger_filters_365_content\"\n\t\t\t\t\t\t\t\t\t\t\t\t\t\tdata-tab=\"365\"\n\t\t\t\t\t\t\tdata-page=\"1\">Press releases <\/a><\/li>\t\t\t<\/ul>\t<\/div><div class=\"sc_blogger_columns_wrap sc_item_columns sc_item_posts_container trx_addons_columns_wrap columns_padding_bottom\" ><div class=\"trx_addons_column-1_2\"><div data-post-id=\"68913\" data-item-number=\"1\" class=\"sc_blogger_item sc_item_container post_container sc_blogger_item_default sc_blogger_item_default_classic sc_blogger_item_odd sc_blogger_item_align_none post_format_standard sc_blogger_item_with_image sc_blogger_item_no_excerpt sc_blogger_item_image_position_top post-68913 post type-post status-publish format-standard has-post-thumbnail hentry category-media-articles\" ><div class=\"sc_blogger_item_body\"><div class=\"post_featured with_thumb hover_link sc_item_featured sc_blogger_item_featured\"><img fetchpriority=\"high\" decoding=\"async\" width=\"800\" height=\"450\" src=\"https:\/\/compagniedesmontagnes.com\/wp-content\/uploads\/2025\/11\/1763751429085.jpg\" class=\"attachment-sweat-thumb-big size-sweat-thumb-big wp-post-image\" alt=\"\" \/>\t\t\t\t\t\t<div class=\"mask\"><\/div>\n\t\t\t\t\t\t\t\t\t<a href=\"https:\/\/compagniedesmontagnes.com\/en\/christian-mars-veut-operer-10-stations-de-ski-dici-5-ans\/\"  aria-hidden=\"true\" class=\"link\"><\/a>\n\t\t\t<\/div><div class=\"sc_blogger_item_content entry-content\"><div class=\"post_meta sc_blogger_item_meta post_meta_categories\"><span class=\"post_meta_item post_categories cat_sep\"><a href=\"https:\/\/compagniedesmontagnes.com\/en\/category\/media-articles\/\" rel=\"category tag\">Media articles<\/a><\/span><\/div><h5 class=\"sc_blogger_item_title entry-title\" data-item-number=\"1\"><a href=\"https:\/\/compagniedesmontagnes.com\/en\/christian-mars-veut-operer-10-stations-de-ski-dici-5-ans\/\" rel=\"bookmark\">Christian Mars aims to operate 10 ski resorts within 5 years<\/a><\/h5><\/div><!-- .entry-content --><\/div><!-- .sc_blogger_item_body --><\/div><!-- .sc_blogger_item --><\/div><div class=\"trx_addons_column-1_2\"><div data-post-id=\"68918\" data-item-number=\"2\" class=\"sc_blogger_item sc_item_container post_container sc_blogger_item_default sc_blogger_item_default_classic sc_blogger_item_even sc_blogger_item_align_none post_format_standard sc_blogger_item_with_image sc_blogger_item_no_excerpt sc_blogger_item_image_position_top post-68918 post type-post status-publish format-standard has-post-thumbnail hentry category-media-articles\" ><div class=\"sc_blogger_item_body\"><div class=\"post_featured with_thumb hover_link sc_item_featured sc_blogger_item_featured\"><img decoding=\"async\" width=\"840\" height=\"473\" src=\"https:\/\/compagniedesmontagnes.com\/wp-content\/uploads\/2025\/11\/ae42b570-6eec-11f0-91ff-11c9104e12e5_ORIGINAL-840x473.avif\" class=\"attachment-sweat-thumb-big size-sweat-thumb-big wp-post-image\" alt=\"\" \/>\t\t\t\t\t\t<div class=\"mask\"><\/div>\n\t\t\t\t\t\t\t\t\t<a href=\"https:\/\/compagniedesmontagnes.com\/en\/swiss-christian-mars-continues-his-expansion-in-quebec-by-adding-massif-du-sud-and-mont-edouard-to-his-offer\/\"  aria-hidden=\"true\" class=\"link\"><\/a>\n\t\t\t<\/div><div class=\"sc_blogger_item_content entry-content\"><div class=\"post_meta sc_blogger_item_meta post_meta_categories\"><span class=\"post_meta_item post_categories cat_sep\"><a href=\"https:\/\/compagniedesmontagnes.com\/en\/category\/media-articles\/\" rel=\"category tag\">Media articles<\/a><\/span><\/div><h5 class=\"sc_blogger_item_title entry-title\" data-item-number=\"2\"><a href=\"https:\/\/compagniedesmontagnes.com\/en\/swiss-christian-mars-continues-his-expansion-in-quebec-by-adding-massif-du-sud-and-mont-edouard-to-his-offer\/\" rel=\"bookmark\">Swiss Christian Mars continues his expansion in Qu\u00e9bec by adding Massif du Sud and Mont Edouard to his offer<\/a><\/h5><\/div><!-- .entry-content --><\/div><!-- .sc_blogger_item_body --><\/div><!-- .sc_blogger_item --><\/div><div class=\"trx_addons_column-1_2\"><div data-post-id=\"68927\" data-item-number=\"3\" class=\"sc_blogger_item sc_item_container post_container sc_blogger_item_default sc_blogger_item_default_classic sc_blogger_item_odd sc_blogger_item_align_none post_format_image sc_blogger_item_with_image sc_blogger_item_with_excerpt sc_blogger_item_image_position_top post-68927 post type-post status-publish format-image has-post-thumbnail hentry category-press-releases post_format-post-format-image\" ><div class=\"sc_blogger_item_body\"><div class=\"post_featured with_thumb hover_link sc_item_featured sc_blogger_item_featured\"><img decoding=\"async\" width=\"840\" height=\"473\" src=\"https:\/\/compagniedesmontagnes.com\/wp-content\/uploads\/2025\/10\/anglaispass-840x473.jpg\" class=\"attachment-sweat-thumb-big size-sweat-thumb-big wp-post-image\" alt=\"\" \/>\t\t\t\t\t\t<div class=\"mask\"><\/div>\n\t\t\t\t\t\t\t\t\t<a href=\"https:\/\/compagniedesmontagnes.com\/en\/a-new-alliance\/\"  aria-hidden=\"true\" class=\"link\"><\/a>\n\t\t\t<\/div><div class=\"sc_blogger_item_content entry-content\"><div class=\"post_meta sc_blogger_item_meta post_meta_categories\"><span class=\"post_meta_item post_categories cat_sep\"><a href=\"https:\/\/compagniedesmontagnes.com\/en\/category\/press-releases\/\" rel=\"category tag\">Press releases<\/a><\/span><\/div><h5 class=\"sc_blogger_item_title entry-title\" data-item-number=\"3\"><a href=\"https:\/\/compagniedesmontagnes.com\/en\/a-new-alliance\/\" rel=\"bookmark\">A new alliance<\/a><\/h5><div class=\"sc_blogger_item_excerpt\">A NEW ALLIANCE Mont Edouard and Massif du Sud join the Compagnie des Montagnes de Ski du Qu\u00e9bec. A new&hellip;<\/div><\/div><!-- .entry-content --><\/div><!-- .sc_blogger_item_body --><\/div><!-- .sc_blogger_item --><\/div><\/div><\/div><\/div>\t\t\t\t<\/div>\n\t\t\t\t<\/div>\n\t\t\t\t\t<\/div>\n\t\t<\/div>\n\t\t\t\t\t<\/div>\n\t\t<\/section>\n\t\t\t\t<\/div>\n\t\t","protected":false},"excerpt":{"rendered":"<p>News All Media articles Non cat\u00e9goris\u00e9 Press releases Articles m\u00e9dias Christian Mars veut op\u00e9rer 10&hellip;<\/p>\n","protected":false},"author":1,"featured_media":0,"parent":0,"menu_order":0,"comment_status":"closed","ping_status":"closed","template":"","meta":{"footnotes":""},"class_list":["post-68880","page","type-page","status-publish","hentry"],"yoast_head":"<!-- This site is optimized with the Yoast SEO plugin v27.1.1 - https:\/\/yoast.com\/product\/yoast-seo-wordpress\/ -->\n<title>News - Compagnie des montagnes de ski du Qu\u00e9bec<\/title>\n<meta name=\"robots\" content=\"index, follow, max-snippet:-1, max-image-preview:large, max-video-preview:-1\" \/>\n<link rel=\"canonical\" href=\"https:\/\/compagniedesmontagnes.com\/en\/news\/\" \/>\n<meta property=\"og:locale\" content=\"en_US\" \/>\n<meta property=\"og:type\" content=\"article\" \/>\n<meta property=\"og:title\" content=\"News - Compagnie des montagnes de ski du Qu\u00e9bec\" \/>\n<meta property=\"og:description\" content=\"News All Media articles Non cat\u00e9goris\u00e9 Press releases Articles m\u00e9dias Christian Mars veut op\u00e9rer 10&hellip;\" \/>\n<meta property=\"og:url\" content=\"https:\/\/compagniedesmontagnes.com\/en\/news\/\" \/>\n<meta property=\"og:site_name\" content=\"Compagnie des montagnes de ski du Qu\u00e9bec\" \/>\n<meta property=\"article:publisher\" content=\"https:\/\/www.facebook.com\/profile.php?id=61558728465760\" \/>\n<meta property=\"article:modified_time\" content=\"2025-12-16T14:26:25+00:00\" \/>\n<meta property=\"og:image\" content=\"https:\/\/compagniedesmontagnes.com\/wp-content\/uploads\/2025\/11\/1763751429085.jpg\" \/>\n<meta name=\"twitter:card\" content=\"summary_large_image\" \/>\n<script type=\"application\/ld+json\" class=\"yoast-schema-graph\">{\"@context\":\"https:\/\/schema.org\",\"@graph\":[{\"@type\":\"WebPage\",\"@id\":\"https:\/\/compagniedesmontagnes.com\/en\/news\/\",\"url\":\"https:\/\/compagniedesmontagnes.com\/en\/news\/\",\"name\":\"News - Compagnie des montagnes de ski du Qu\u00e9bec\",\"isPartOf\":{\"@id\":\"https:\/\/compagniedesmontagnes.com\/en\/#website\"},\"primaryImageOfPage\":{\"@id\":\"https:\/\/compagniedesmontagnes.com\/en\/news\/#primaryimage\"},\"image\":{\"@id\":\"https:\/\/compagniedesmontagnes.com\/en\/news\/#primaryimage\"},\"thumbnailUrl\":\"https:\/\/compagniedesmontagnes.com\/wp-content\/uploads\/2025\/11\/1763751429085.jpg\",\"datePublished\":\"2025-10-29T18:18:06+00:00\",\"dateModified\":\"2025-12-16T14:26:25+00:00\",\"breadcrumb\":{\"@id\":\"https:\/\/compagniedesmontagnes.com\/en\/news\/#breadcrumb\"},\"inLanguage\":\"en-US\",\"potentialAction\":[{\"@type\":\"ReadAction\",\"target\":[\"https:\/\/compagniedesmontagnes.com\/en\/news\/\"]}]},{\"@type\":\"ImageObject\",\"inLanguage\":\"en-US\",\"@id\":\"https:\/\/compagniedesmontagnes.com\/en\/news\/#primaryimage\",\"url\":\"https:\/\/compagniedesmontagnes.com\/wp-content\/uploads\/2025\/11\/1763751429085.jpg\",\"contentUrl\":\"https:\/\/compagniedesmontagnes.com\/wp-content\/uploads\/2025\/11\/1763751429085.jpg\"},{\"@type\":\"BreadcrumbList\",\"@id\":\"https:\/\/compagniedesmontagnes.com\/en\/news\/#breadcrumb\",\"itemListElement\":[{\"@type\":\"ListItem\",\"position\":1,\"name\":\"Accueil\",\"item\":\"https:\/\/compagniedesmontagnes.com\/en\/\"},{\"@type\":\"ListItem\",\"position\":2,\"name\":\"News\"}]},{\"@type\":\"WebSite\",\"@id\":\"https:\/\/compagniedesmontagnes.com\/en\/#website\",\"url\":\"https:\/\/compagniedesmontagnes.com\/en\/\",\"name\":\"Compagnie des montagnes de ski du Qu\u00e9bec\",\"description\":\"\",\"publisher\":{\"@id\":\"https:\/\/compagniedesmontagnes.com\/en\/#organization\"},\"potentialAction\":[{\"@type\":\"SearchAction\",\"target\":{\"@type\":\"EntryPoint\",\"urlTemplate\":\"https:\/\/compagniedesmontagnes.com\/en\/?s={search_term_string}\"},\"query-input\":{\"@type\":\"PropertyValueSpecification\",\"valueRequired\":true,\"valueName\":\"search_term_string\"}}],\"inLanguage\":\"en-US\"},{\"@type\":\"Organization\",\"@id\":\"https:\/\/compagniedesmontagnes.com\/en\/#organization\",\"name\":\"Compagnie des montagnes de ski du Qu\u00e9bec\",\"url\":\"https:\/\/compagniedesmontagnes.com\/en\/\",\"logo\":{\"@type\":\"ImageObject\",\"inLanguage\":\"en-US\",\"@id\":\"https:\/\/compagniedesmontagnes.com\/en\/#\/schema\/logo\/image\/\",\"url\":\"https:\/\/compagniedesmontagnes.com\/wp-content\/uploads\/2025\/10\/Sans-titre-2.png\",\"contentUrl\":\"https:\/\/compagniedesmontagnes.com\/wp-content\/uploads\/2025\/10\/Sans-titre-2.png\",\"width\":4167,\"height\":1106,\"caption\":\"Compagnie des montagnes de ski du Qu\u00e9bec\"},\"image\":{\"@id\":\"https:\/\/compagniedesmontagnes.com\/en\/#\/schema\/logo\/image\/\"},\"sameAs\":[\"https:\/\/www.facebook.com\/profile.php?id=61558728465760\",\"https:\/\/www.instagram.com\/compagnie_des_montagnes_de_ski\/\"]}]}<\/script>\n<!-- \/ Yoast SEO plugin. -->","yoast_head_json":{"title":"News - Compagnie des montagnes de ski du Qu\u00e9bec","robots":{"index":"index","follow":"follow","max-snippet":"max-snippet:-1","max-image-preview":"max-image-preview:large","max-video-preview":"max-video-preview:-1"},"canonical":"https:\/\/compagniedesmontagnes.com\/en\/news\/","og_locale":"en_US","og_type":"article","og_title":"News - Compagnie des montagnes de ski du Qu\u00e9bec","og_description":"News All Media articles Non cat\u00e9goris\u00e9 Press releases Articles m\u00e9dias Christian Mars veut op\u00e9rer 10&hellip;","og_url":"https:\/\/compagniedesmontagnes.com\/en\/news\/","og_site_name":"Compagnie des montagnes de ski du Qu\u00e9bec","article_publisher":"https:\/\/www.facebook.com\/profile.php?id=61558728465760","article_modified_time":"2025-12-16T14:26:25+00:00","og_image":[{"url":"https:\/\/compagniedesmontagnes.com\/wp-content\/uploads\/2025\/11\/1763751429085.jpg","type":"","width":"","height":""}],"twitter_card":"summary_large_image","schema":{"@context":"https:\/\/schema.org","@graph":[{"@type":"WebPage","@id":"https:\/\/compagniedesmontagnes.com\/en\/news\/","url":"https:\/\/compagniedesmontagnes.com\/en\/news\/","name":"News - Compagnie des montagnes de ski du Qu\u00e9bec","isPartOf":{"@id":"https:\/\/compagniedesmontagnes.com\/en\/#website"},"primaryImageOfPage":{"@id":"https:\/\/compagniedesmontagnes.com\/en\/news\/#primaryimage"},"image":{"@id":"https:\/\/compagniedesmontagnes.com\/en\/news\/#primaryimage"},"thumbnailUrl":"https:\/\/compagniedesmontagnes.com\/wp-content\/uploads\/2025\/11\/1763751429085.jpg","datePublished":"2025-10-29T18:18:06+00:00","dateModified":"2025-12-16T14:26:25+00:00","breadcrumb":{"@id":"https:\/\/compagniedesmontagnes.com\/en\/news\/#breadcrumb"},"inLanguage":"en-US","potentialAction":[{"@type":"ReadAction","target":["https:\/\/compagniedesmontagnes.com\/en\/news\/"]}]},{"@type":"ImageObject","inLanguage":"en-US","@id":"https:\/\/compagniedesmontagnes.com\/en\/news\/#primaryimage","url":"https:\/\/compagniedesmontagnes.com\/wp-content\/uploads\/2025\/11\/1763751429085.jpg","contentUrl":"https:\/\/compagniedesmontagnes.com\/wp-content\/uploads\/2025\/11\/1763751429085.jpg"},{"@type":"BreadcrumbList","@id":"https:\/\/compagniedesmontagnes.com\/en\/news\/#breadcrumb","itemListElement":[{"@type":"ListItem","position":1,"name":"Accueil","item":"https:\/\/compagniedesmontagnes.com\/en\/"},{"@type":"ListItem","position":2,"name":"News"}]},{"@type":"WebSite","@id":"https:\/\/compagniedesmontagnes.com\/en\/#website","url":"https:\/\/compagniedesmontagnes.com\/en\/","name":"Compagnie des montagnes de ski du Qu\u00e9bec","description":"","publisher":{"@id":"https:\/\/compagniedesmontagnes.com\/en\/#organization"},"potentialAction":[{"@type":"SearchAction","target":{"@type":"EntryPoint","urlTemplate":"https:\/\/compagniedesmontagnes.com\/en\/?s={search_term_string}"},"query-input":{"@type":"PropertyValueSpecification","valueRequired":true,"valueName":"search_term_string"}}],"inLanguage":"en-US"},{"@type":"Organization","@id":"https:\/\/compagniedesmontagnes.com\/en\/#organization","name":"Compagnie des montagnes de ski du Qu\u00e9bec","url":"https:\/\/compagniedesmontagnes.com\/en\/","logo":{"@type":"ImageObject","inLanguage":"en-US","@id":"https:\/\/compagniedesmontagnes.com\/en\/#\/schema\/logo\/image\/","url":"https:\/\/compagniedesmontagnes.com\/wp-content\/uploads\/2025\/10\/Sans-titre-2.png","contentUrl":"https:\/\/compagniedesmontagnes.com\/wp-content\/uploads\/2025\/10\/Sans-titre-2.png","width":4167,"height":1106,"caption":"Compagnie des montagnes de ski du Qu\u00e9bec"},"image":{"@id":"https:\/\/compagniedesmontagnes.com\/en\/#\/schema\/logo\/image\/"},"sameAs":["https:\/\/www.facebook.com\/profile.php?id=61558728465760","https:\/\/www.instagram.com\/compagnie_des_montagnes_de_ski\/"]}]}},"_links":{"self":[{"href":"https:\/\/compagniedesmontagnes.com\/en\/wp-json\/wp\/v2\/pages\/68880","targetHints":{"allow":["GET"]}}],"collection":[{"href":"https:\/\/compagniedesmontagnes.com\/en\/wp-json\/wp\/v2\/pages"}],"about":[{"href":"https:\/\/compagniedesmontagnes.com\/en\/wp-json\/wp\/v2\/types\/page"}],"author":[{"embeddable":true,"href":"https:\/\/compagniedesmontagnes.com\/en\/wp-json\/wp\/v2\/users\/1"}],"replies":[{"embeddable":true,"href":"https:\/\/compagniedesmontagnes.com\/en\/wp-json\/wp\/v2\/comments?post=68880"}],"version-history":[{"count":8,"href":"https:\/\/compagniedesmontagnes.com\/en\/wp-json\/wp\/v2\/pages\/68880\/revisions"}],"predecessor-version":[{"id":69118,"href":"https:\/\/compagniedesmontagnes.com\/en\/wp-json\/wp\/v2\/pages\/68880\/revisions\/69118"}],"wp:attachment":[{"href":"https:\/\/compagniedesmontagnes.com\/en\/wp-json\/wp\/v2\/media?parent=68880"}],"curies":[{"name":"wp","href":"https:\/\/api.w.org\/{rel}","templated":true}]}}